{"id":600,"date":"2020-07-24T09:36:23","date_gmt":"2020-07-24T07:36:23","guid":{"rendered":"http:\/\/leclaireur.ovh\/?page_id=600"},"modified":"2020-07-24T10:14:58","modified_gmt":"2020-07-24T08:14:58","slug":"discussions-echanges-et-commentaires","status":"publish","type":"page","link":"http:\/\/leclaireur.ovh\/index.php\/discussions-echanges-et-commentaires\/","title":{"rendered":"DISCUSSIONS &#8211; ECHANGES ET COMMENTAIRES"},"content":{"rendered":"\n<span class='mb-center maxbutton-23-center'><span class='maxbutton-23-container mb-container'><a class=\"maxbutton-23 maxbutton maxbutton-toutes-les-discussions-ouvertes\" target=\"_blank\" rel=\"noopener\" href=\"http:\/\/leclaireur.ovh\/index.php\/toutes-les-discussions-ouvertes\/\"><span class='mb-text'>TOUTES LES DISCUSSIONS OUVERTES<\/span><\/a><\/span><\/span>\n\n\n\n<p class=\"has-text-align-center\">&#8211;<\/p>\n\n\n\n<span class='mb-center maxbutton-10-center'><span class='maxbutton-10-container mb-container'><a class=\"maxbutton-10 maxbutton maxbutton-poesie\" target=\"_blank\" rel=\"noopener\" href=\"http:\/\/leclaireur.ovh\/index.php\/discussions-participations\/\"><span class='mb-text'>PO\u00c9SIE<\/span><\/a><\/span><\/span>\n\n\n\n<p class=\"has-text-align-center\">&#8211;<\/p>\n\n\n\n<span class='mb-center maxbutton-11-center'><span class='maxbutton-11-container mb-container'><a class=\"maxbutton-11 maxbutton maxbutton-collectivite-equitable\" target=\"_blank\" rel=\"noopener\" href=\"http:\/\/leclaireur.ovh\/index.php\/pour-une-collectivite-equitable-discussions-echanges-et-commentaires-2\/\"><span class='mb-text'>COLLECTIVIT\u00c9 \u00c9QUITABLE<\/span><\/a><\/span><\/span>\n\n\n\n<p class=\"has-text-align-center\">&#8211;<\/p>\n\n\n\n<span class='mb-center maxbutton-12-center'><span class='maxbutton-12-container mb-container'><a class=\"maxbutton-12 maxbutton maxbutton-sketches-et-scenettes\" target=\"_blank\" rel=\"noopener\" href=\"http:\/\/leclaireur.ovh\/index.php\/shetches-et-scenettes-a-gogo-discussions-echanges-et-commentaires\/\"><span class='mb-text'>SKETCHES et SC\u00c9NETTES<\/span><\/a><\/span><\/span>\n\n\n\n<p class=\"has-text-align-center\">&#8211;<\/p>\n\n\n\n<span class='mb-center maxbutton-24-center'><span class='maxbutton-24-container mb-container'><a class=\"maxbutton-24 maxbutton maxbutton-nouvelles-discussions-echanges-et-commentaires\" target=\"_blank\" rel=\"noopener\" href=\"http:\/\/leclaireur.ovh\/index.php\/nouvelles-discussions-echanges-et-commentaires\/\"><span class='mb-text'>NOUVELLES Discussions Echanges et Commentaires<\/span><\/a><\/span><\/span>\n\n\n\n<p class=\"has-text-align-center\">&#8211;<\/p>\n\n\n\n<span class='mb-center maxbutton-25-center'><span class='maxbutton-25-container mb-container'><a class=\"maxbutton-25 maxbutton maxbutton-divers-discussions-echanges-et-commentaires\" target=\"_blank\" rel=\"noopener\" href=\"http:\/\/leclaireur.ovh\/index.php\/divers-discussions-echanges-et-commentaires\/\"><span class='mb-text'>DIVERS Discussions Echanges et Commentaires<\/span><\/a><\/span><\/span>\n","protected":false},"excerpt":{"rendered":"<p>\u00a0 &#8211; &#8211; \u00a0 &#8211; &#8211; \u00a0 &#8211;<\/p>\n","protected":false},"author":1,"featured_media":0,"parent":0,"menu_order":0,"comment_status":"closed","ping_status":"closed","template":"","meta":{"spay_email":""},"jetpack_shortlink":"https:\/\/wp.me\/Pc8zyN-9G","jetpack-related-posts":[{"id":568,"url":"http:\/\/leclaireur.ovh\/index.php\/sketches-et-scenettes-discussions-echanges-et-commentaires\/","url_meta":{"origin":600,"position":0},"title":"SKETCHES et SC\u00c9NETTES Discussions Echanges et Commentaires","date":"23 juillet 2020","format":false,"excerpt":"","rel":"","context":"Article similaire","img":{"alt_text":"","src":"","width":0,"height":0},"classes":[]},{"id":607,"url":"http:\/\/leclaireur.ovh\/index.php\/nouvelles-discussions-echanges-et-commentaires\/","url_meta":{"origin":600,"position":1},"title":"NOUVELLES Discussions Echanges et Commentaires","date":"24 juillet 2020","format":false,"excerpt":"D\u00e9sol\u00e9, cette section n'est pas encore ouverte.","rel":"","context":"Article similaire","img":{"alt_text":"","src":"","width":0,"height":0},"classes":[]},{"id":611,"url":"http:\/\/leclaireur.ovh\/index.php\/divers-discussions-echanges-et-commentaires\/","url_meta":{"origin":600,"position":2},"title":"DIVERS Discussions Echanges et Commentaires","date":"24 juillet 2020","format":false,"excerpt":"D\u00e9sol\u00e9, cette section n'est pas encore ouverte.","rel":"","context":"Article similaire","img":{"alt_text":"","src":"","width":0,"height":0},"classes":[]},{"id":598,"url":"http:\/\/leclaireur.ovh\/index.php\/shetches-et-scenettes-a-gogo-discussions-echanges-et-commentaires\/","url_meta":{"origin":600,"position":3},"title":"SHETCHES ET SC\u00c9NETTES A GOGO Discussions Echanges et Commentaires","date":"23 juillet 2020","format":false,"excerpt":"\u00a0 LAISSEZ-NOUS PARLER Les \u00e9changes sont ouverts autours des textes suivants.Pour voir les textes entiers et rentrer dans les \u00e9changes, cliquez sur le lien. Pour nos premiers \u00e9changes l\u2019\u00c9CLAIREUR propose : \"LAISSEZ NOUS PARLER !\" *\u00a0\u00ab\u00a0Putains, gigolos,Simples passants,Gens du haut, gens du bas,...\/...Troupe\u00a0: \u00ab\u00a0Mais laissez nous parler !,...\/...Troupe\u00a0: \u00ab\u00a0Changeons les\u2026","rel":"","context":"Article similaire","img":{"alt_text":"","src":"","width":0,"height":0},"classes":[]},{"id":588,"url":"http:\/\/leclaireur.ovh\/index.php\/pour-une-collectivite-equitable-discussions-echanges-et-commentaires-2\/","url_meta":{"origin":600,"position":4},"title":"Pour une COLLECTIVIT\u00c9 \u00c9QUITABLE Discussions, Echanges et Commentaires","date":"23 juillet 2020","format":false,"excerpt":"CRITIQUE SOCIAL et FORCE DE PROPOSITION ********* \u00a0 \"\u00a0Une fois la soci\u00e9t\u00e9 divis\u00e9e en deux classes, l\u2019exploitation de l\u2019homme par l\u2019homme devint une loi sociale, ...\/... ...\/...C\u2019est que, dans un \u00e9difice reposant sur des fondements mauvais, il ne suffit pas de r\u00e9parer le sommet pour tout am\u00e9liorer, il faut s\u2019attaquer\u2026","rel":"","context":"Article similaire","img":{"alt_text":"","src":"","width":0,"height":0},"classes":[]},{"id":367,"url":"http:\/\/leclaireur.ovh\/index.php\/discussions-participations\/","url_meta":{"origin":600,"position":5},"title":"PO\u00c9SIE : DISCUSSIONS Echanges et Commentaires","date":"16 juin 2020","format":false,"excerpt":"\u00a0 Pour nos premiers \u00e9changes l\u2019\u00c9CLAIREUR propose : \"FORCE RESTE A LA LOI\"Devant ce crime abject, et sans preuve palpable,Force reste \u00e0 la loi, sans qui c\u2019est l\u2019anarchieQui tourmente la foule, il lui faut un coupable,Soulag\u00e9e de savoir que quelqu\u2019un est puni....\/...Le pouvoir des m\u00e9dias, la foule ostentatoire,Ont fini le\u2026","rel":"","context":"Article similaire","img":{"alt_text":"","src":"","width":0,"height":0},"classes":[]}],"_links":{"self":[{"href":"http:\/\/leclaireur.ovh\/index.php\/wp-json\/wp\/v2\/pages\/600"}],"collection":[{"href":"http:\/\/leclaireur.ovh\/index.php\/wp-json\/wp\/v2\/pages"}],"about":[{"href":"http:\/\/leclaireur.ovh\/index.php\/wp-json\/wp\/v2\/types\/page"}],"author":[{"embeddable":true,"href":"http:\/\/leclaireur.ovh\/index.php\/wp-json\/wp\/v2\/users\/1"}],"replies":[{"embeddable":true,"href":"http:\/\/leclaireur.ovh\/index.php\/wp-json\/wp\/v2\/comments?post=600"}],"version-history":[{"count":7,"href":"http:\/\/leclaireur.ovh\/index.php\/wp-json\/wp\/v2\/pages\/600\/revisions"}],"predecessor-version":[{"id":616,"href":"http:\/\/leclaireur.ovh\/index.php\/wp-json\/wp\/v2\/pages\/600\/revisions\/616"}],"wp:attachment":[{"href":"http:\/\/leclaireur.ovh\/index.php\/wp-json\/wp\/v2\/media?parent=600"}],"curies":[{"name":"wp","href":"https:\/\/api.w.org\/{rel}","templated":true}]}}