{"id":500,"date":"2020-07-17T11:39:08","date_gmt":"2020-07-17T09:39:08","guid":{"rendered":"http:\/\/leclaireur.ovh\/?page_id=500"},"modified":"2021-03-12T17:23:56","modified_gmt":"2021-03-12T16:23:56","slug":"demande-de-dedicaces","status":"publish","type":"page","link":"http:\/\/leclaireur.ovh\/index.php\/demande-de-dedicaces\/","title":{"rendered":"DEMANDE DE D\u00c9DICACES"},"content":{"rendered":"\n<p>Pour recevoir des livres d\u00e9dicac\u00e9s par L\u2019\u00c9CLAIREUR  \u00e0 l&rsquo;adresse indiqu\u00e9e dans votre demande \u00e0 partir du formulaire suivant (vous recevrez une confirmation de votre commande) adressez-nous le r\u00e8glement par ch\u00e8que bancaire \u00e0 : L\u2019\u00c9CLAIREUR, 62, Chemin des Avesses, 30160 GAGNIERES.<br>Au prix indiqu\u00e9 dans les colonnes lat\u00e9rales du blog, ajoutez 1\u20ac par livre pour les frais de port.<br>Vous pouvez aussi nous adresser votre commande par courrier accompagn\u00e9 du ch\u00e8que de r\u00e8glement.<br>Nous exp\u00e9dierons vos achats d\u00e8s l&rsquo;encaissement du ch\u00e8que.<br><div role=\"form\" class=\"wpcf7\" id=\"wpcf7-f163-o1\" lang=\"fr-FR\" dir=\"ltr\">\n<div class=\"screen-reader-response\" aria-live=\"polite\"><\/div>\n<form action=\"\/index.php\/wp-json\/wp\/v2\/pages\/500#wpcf7-f163-o1\" method=\"post\" class=\"wpcf7-form\" novalidate=\"novalidate\">\n<div style=\"display: none;\">\n<input type=\"hidden\" name=\"_wpcf7\" value=\"163\" \/>\n<input type=\"hidden\" name=\"_wpcf7_version\" value=\"5.1.9\" \/>\n<input type=\"hidden\" name=\"_wpcf7_locale\" value=\"fr_FR\" \/>\n<input type=\"hidden\" name=\"_wpcf7_unit_tag\" value=\"wpcf7-f163-o1\" \/>\n<input type=\"hidden\" name=\"_wpcf7_container_post\" value=\"0\" \/>\n<\/div>\n<p><label> Votre nom (obligatoire)<br \/>\n    <span class=\"wpcf7-form-control-wrap your-name\"><input type=\"text\" name=\"your-name\" value=\"\" size=\"40\" class=\"wpcf7-form-control wpcf7-text wpcf7-validates-as-required\" aria-required=\"true\" aria-invalid=\"false\" \/><\/span> <\/label><\/p>\n<p><label> Votre adresse de messagerie (obligatoire)<br \/>\n    <span class=\"wpcf7-form-control-wrap your-email\"><input type=\"email\" name=\"your-email\" value=\"\" size=\"40\" class=\"wpcf7-form-control wpcf7-text wpcf7-email wpcf7-validates-as-required wpcf7-validates-as-email\" aria-required=\"true\" aria-invalid=\"false\" \/><\/span> <\/label><\/p>\n<p><label> Objet<br \/>\n    <span class=\"wpcf7-form-control-wrap your-subject\"><input type=\"text\" name=\"your-subject\" value=\"\" size=\"40\" class=\"wpcf7-form-control wpcf7-text\" aria-invalid=\"false\" \/><\/span> <\/label><\/p>\n<p><label> Votre texte<br \/>\n    <span class=\"wpcf7-form-control-wrap your-message\"><textarea name=\"your-message\" cols=\"40\" rows=\"10\" class=\"wpcf7-form-control wpcf7-textarea\" aria-invalid=\"false\"><\/textarea><\/span> <\/label><\/p>\n<p><input type=\"submit\" value=\"Envoyer\" class=\"wpcf7-form-control wpcf7-submit\" \/><\/p>\n<div class=\"wpcf7-response-output wpcf7-display-none\" aria-hidden=\"true\"><\/div><\/form><\/div><\/p>\n","protected":false},"excerpt":{"rendered":"<p>Pour recevoir des livres d\u00e9dicac\u00e9s par L\u2019\u00c9CLAIREUR \u00e0 l&rsquo;adresse indiqu\u00e9e dans votre demande \u00e0 partir du formulaire suivant (vous recevrez une confirmation de votre commande) adressez-nous le r\u00e8glement par ch\u00e8que bancaire \u00e0 : L\u2019\u00c9CLAIREUR, 62, Chemin des Avesses, 30160 GAGNIERES.Au prix indiqu\u00e9 dans les colonnes lat\u00e9rales du blog, ajoutez 1\u20ac par livre pour les frais &hellip; <a href=\"http:\/\/leclaireur.ovh\/index.php\/demande-de-dedicaces\/\" class=\"more-link\">Lire la suite <span class=\"meta-nav\">&rarr;<\/span><\/a><\/p>\n","protected":false},"author":1,"featured_media":0,"parent":0,"menu_order":0,"comment_status":"closed","ping_status":"closed","template":"","meta":{"spay_email":""},"jetpack_shortlink":"https:\/\/wp.me\/Pc8zyN-84","jetpack-related-posts":[{"id":316,"url":"http:\/\/leclaireur.ovh\/index.php\/termes-et-conditions\/","url_meta":{"origin":500,"position":0},"title":"TERMES ET CONDITIONS","date":"5 juin 2020","format":false,"excerpt":"Conditions g\u00e9n\u00e9rales d'utilisation du site L\u2019\u00c9CLAIREUR ARTICLE 1 : Objet Les pr\u00e9sentes \u00ab conditions g\u00e9n\u00e9rales d'utilisation \u00bb ont pour objet l'encadrement juridique de l\u2019utilisation du site L\u2019\u00c9CLAIREUR et de ses services. Ce contrat est conclu entre : Le g\u00e9rant du site internet, ci-apr\u00e8s d\u00e9sign\u00e9 \u00ab\u00a0l\u2019\u00c9diteur\u00a0\u00bb, Toute personne physique ou morale\u2026","rel":"","context":"Article similaire","img":{"alt_text":"","src":"","width":0,"height":0},"classes":[]},{"id":23,"url":"http:\/\/leclaireur.ovh\/index.php\/contact\/","url_meta":{"origin":500,"position":1},"title":"CONTACT","date":"12 mai 2020","format":false,"excerpt":"","rel":"","context":"Article similaire","img":{"alt_text":"","src":"","width":0,"height":0},"classes":[]},{"id":11,"url":"http:\/\/leclaireur.ovh\/index.php\/11-2\/","url_meta":{"origin":500,"position":2},"title":"A PROPOS","date":"12 mai 2020","format":false,"excerpt":"L\u2019\u00c9CLAIREUR PO\u00c8TE FRESQUE DES TEMPS MODERNES pr\u00e9sente des tableaux po\u00e9tiques, parfois saupoudr\u00e9s d'une touche d'humour, dans un style d'\u00e9criture moderne, recherch\u00e9e et ma\u00eetris\u00e9e. Tomes 1 \u00e0 4 publi\u00e9s (suivants en cours de r\u00e9alisation) ************************************************* CRITIQUE SOCIAL et FORCE DE PROPOSITION Qui n'esp\u00e8re\u00a0pas\u00a0vivre\u00a0dans\u00a0une\u00a0Collectivit\u00e9\u00a0\u00c9quitable\u00a0?Quelques privil\u00e9gi\u00e9s ...Et on noie le poison ...Les portes\u2026","rel":"","context":"Article similaire","img":{"alt_text":"","src":"https:\/\/i2.wp.com\/leclaireur.ovh\/wp-content\/uploads\/2021\/03\/FDTM-1.jpg?resize=350%2C200","width":350,"height":200},"classes":[]},{"id":310,"url":"http:\/\/leclaireur.ovh\/index.php\/participez\/","url_meta":{"origin":500,"position":3},"title":"POUR PARTICIPER : ABONNEZ-VOUS (Gratuit)","date":"3 juin 2020","format":false,"excerpt":"Pour devenir Membre de la Tribu, et PARTICIPER, abonnez-vous (en haut \u00e0 droite de la page d'accueil, d\u00e9sabonnement en 1 clic) pour recevoir votre Mot de Passe personnel. L\u2019\u00c9CLAIREUR, auteur, propose aux membres de la Tribu des \u00e9changes autours des sujets, des id\u00e9es, des pens\u00e9es pr\u00e9sent\u00e9s dans SES LIVRES.Choisissez le\u2026","rel":"","context":"Article similaire","img":{"alt_text":"","src":"","width":0,"height":0},"classes":[]},{"id":573,"url":"http:\/\/leclaireur.ovh\/index.php\/toutes-les-discussions-ouvertes\/","url_meta":{"origin":500,"position":4},"title":"TOUTES LES DISCUSSIONS OUVERTES","date":"23 juillet 2020","format":false,"excerpt":"Ci-dessous les th\u00e8mes des \u00e9changes en cours Les \u00e9changes entre membres de la Tribu sont ouverts autours des textes suivants.Pour voir les textes entiers et rentrer dans les \u00e9changes, cliquez sur le lien en bas de page. PROPOSEZ VOS PROPRES TEXTES POUR UNE PARUTION DANS \"LES CAHIERS DE LE TRIBU\u2026","rel":"","context":"Article similaire","img":{"alt_text":"","src":"","width":0,"height":0},"classes":[]},{"id":367,"url":"http:\/\/leclaireur.ovh\/index.php\/discussions-participations\/","url_meta":{"origin":500,"position":5},"title":"PO\u00c9SIE : DISCUSSIONS Echanges et Commentaires","date":"16 juin 2020","format":false,"excerpt":"\u00a0 Pour nos premiers \u00e9changes l\u2019\u00c9CLAIREUR propose : \"FORCE RESTE A LA LOI\"Devant ce crime abject, et sans preuve palpable,Force reste \u00e0 la loi, sans qui c\u2019est l\u2019anarchieQui tourmente la foule, il lui faut un coupable,Soulag\u00e9e de savoir que quelqu\u2019un est puni....\/...Le pouvoir des m\u00e9dias, la foule ostentatoire,Ont fini le\u2026","rel":"","context":"Article similaire","img":{"alt_text":"","src":"","width":0,"height":0},"classes":[]}],"_links":{"self":[{"href":"http:\/\/leclaireur.ovh\/index.php\/wp-json\/wp\/v2\/pages\/500"}],"collection":[{"href":"http:\/\/leclaireur.ovh\/index.php\/wp-json\/wp\/v2\/pages"}],"about":[{"href":"http:\/\/leclaireur.ovh\/index.php\/wp-json\/wp\/v2\/types\/page"}],"author":[{"embeddable":true,"href":"http:\/\/leclaireur.ovh\/index.php\/wp-json\/wp\/v2\/users\/1"}],"replies":[{"embeddable":true,"href":"http:\/\/leclaireur.ovh\/index.php\/wp-json\/wp\/v2\/comments?post=500"}],"version-history":[{"count":4,"href":"http:\/\/leclaireur.ovh\/index.php\/wp-json\/wp\/v2\/pages\/500\/revisions"}],"predecessor-version":[{"id":823,"href":"http:\/\/leclaireur.ovh\/index.php\/wp-json\/wp\/v2\/pages\/500\/revisions\/823"}],"wp:attachment":[{"href":"http:\/\/leclaireur.ovh\/index.php\/wp-json\/wp\/v2\/media?parent=500"}],"curies":[{"name":"wp","href":"https:\/\/api.w.org\/{rel}","templated":true}]}}