{"id":436,"date":"2020-06-19T10:57:03","date_gmt":"2020-06-19T08:57:03","guid":{"rendered":"http:\/\/leclaireur.ovh\/?page_id=436"},"modified":"2020-07-23T18:57:16","modified_gmt":"2020-07-23T16:57:16","slug":"pour-une-collectivite-equitable-discussions-echanges-et-commentaires","status":"publish","type":"page","link":"http:\/\/leclaireur.ovh\/index.php\/pour-une-collectivite-equitable-discussions-echanges-et-commentaires\/","title":{"rendered":"Pour une COLLECTIVIT\u00c9 \u00c9QUITABLE Discussions, Echanges et Commentaires"},"content":{"rendered":"","protected":true},"excerpt":{"rendered":"","protected":true},"author":1,"featured_media":0,"parent":0,"menu_order":0,"comment_status":"open","ping_status":"closed","template":"","meta":{"spay_email":""},"jetpack_shortlink":"https:\/\/wp.me\/Pc8zyN-72","jetpack-related-posts":[{"id":588,"url":"http:\/\/leclaireur.ovh\/index.php\/pour-une-collectivite-equitable-discussions-echanges-et-commentaires-2\/","url_meta":{"origin":436,"position":0},"title":"Pour une COLLECTIVIT\u00c9 \u00c9QUITABLE Discussions, Echanges et Commentaires","date":"23 juillet 2020","format":false,"excerpt":"CRITIQUE SOCIAL et FORCE DE PROPOSITION ********* \u00a0 \"\u00a0Une fois la soci\u00e9t\u00e9 divis\u00e9e en deux classes, l\u2019exploitation de l\u2019homme par l\u2019homme devint une loi sociale, ...\/... ...\/...C\u2019est que, dans un \u00e9difice reposant sur des fondements mauvais, il ne suffit pas de r\u00e9parer le sommet pour tout am\u00e9liorer, il faut s\u2019attaquer\u2026","rel":"","context":"Article similaire","img":{"alt_text":"","src":"","width":0,"height":0},"classes":[]},{"id":573,"url":"http:\/\/leclaireur.ovh\/index.php\/toutes-les-discussions-ouvertes\/","url_meta":{"origin":436,"position":1},"title":"TOUTES LES DISCUSSIONS OUVERTES","date":"23 juillet 2020","format":false,"excerpt":"Ci-dessous les th\u00e8mes des \u00e9changes en cours Les \u00e9changes entre membres de la Tribu sont ouverts autours des textes suivants.Pour voir les textes entiers et rentrer dans les \u00e9changes, cliquez sur le lien en bas de page. PROPOSEZ VOS PROPRES TEXTES POUR UNE PARUTION DANS \"LES CAHIERS DE LE TRIBU\u2026","rel":"","context":"Article similaire","img":{"alt_text":"","src":"","width":0,"height":0},"classes":[]},{"id":598,"url":"http:\/\/leclaireur.ovh\/index.php\/shetches-et-scenettes-a-gogo-discussions-echanges-et-commentaires\/","url_meta":{"origin":436,"position":2},"title":"SHETCHES ET SC\u00c9NETTES A GOGO Discussions Echanges et Commentaires","date":"23 juillet 2020","format":false,"excerpt":"\u00a0 LAISSEZ-NOUS PARLER Les \u00e9changes sont ouverts autours des textes suivants.Pour voir les textes entiers et rentrer dans les \u00e9changes, cliquez sur le lien. Pour nos premiers \u00e9changes l\u2019\u00c9CLAIREUR propose : \"LAISSEZ NOUS PARLER !\" *\u00a0\u00ab\u00a0Putains, gigolos,Simples passants,Gens du haut, gens du bas,...\/...Troupe\u00a0: \u00ab\u00a0Mais laissez nous parler !,...\/...Troupe\u00a0: \u00ab\u00a0Changeons les\u2026","rel":"","context":"Article similaire","img":{"alt_text":"","src":"","width":0,"height":0},"classes":[]},{"id":607,"url":"http:\/\/leclaireur.ovh\/index.php\/nouvelles-discussions-echanges-et-commentaires\/","url_meta":{"origin":436,"position":3},"title":"NOUVELLES Discussions Echanges et Commentaires","date":"24 juillet 2020","format":false,"excerpt":"D\u00e9sol\u00e9, cette section n'est pas encore ouverte.","rel":"","context":"Article similaire","img":{"alt_text":"","src":"","width":0,"height":0},"classes":[]},{"id":611,"url":"http:\/\/leclaireur.ovh\/index.php\/divers-discussions-echanges-et-commentaires\/","url_meta":{"origin":436,"position":4},"title":"DIVERS Discussions Echanges et Commentaires","date":"24 juillet 2020","format":false,"excerpt":"D\u00e9sol\u00e9, cette section n'est pas encore ouverte.","rel":"","context":"Article similaire","img":{"alt_text":"","src":"","width":0,"height":0},"classes":[]},{"id":367,"url":"http:\/\/leclaireur.ovh\/index.php\/discussions-participations\/","url_meta":{"origin":436,"position":5},"title":"PO\u00c9SIE : DISCUSSIONS Echanges et Commentaires","date":"16 juin 2020","format":false,"excerpt":"\u00a0 Pour nos premiers \u00e9changes l\u2019\u00c9CLAIREUR propose : \"FORCE RESTE A LA LOI\"Devant ce crime abject, et sans preuve palpable,Force reste \u00e0 la loi, sans qui c\u2019est l\u2019anarchieQui tourmente la foule, il lui faut un coupable,Soulag\u00e9e de savoir que quelqu\u2019un est puni....\/...Le pouvoir des m\u00e9dias, la foule ostentatoire,Ont fini le\u2026","rel":"","context":"Article similaire","img":{"alt_text":"","src":"","width":0,"height":0},"classes":[]}],"_links":{"self":[{"href":"http:\/\/leclaireur.ovh\/index.php\/wp-json\/wp\/v2\/pages\/436"}],"collection":[{"href":"http:\/\/leclaireur.ovh\/index.php\/wp-json\/wp\/v2\/pages"}],"about":[{"href":"http:\/\/leclaireur.ovh\/index.php\/wp-json\/wp\/v2\/types\/page"}],"author":[{"embeddable":true,"href":"http:\/\/leclaireur.ovh\/index.php\/wp-json\/wp\/v2\/users\/1"}],"replies":[{"embeddable":true,"href":"http:\/\/leclaireur.ovh\/index.php\/wp-json\/wp\/v2\/comments?post=436"}],"version-history":[{"count":4,"href":"http:\/\/leclaireur.ovh\/index.php\/wp-json\/wp\/v2\/pages\/436\/revisions"}],"predecessor-version":[{"id":593,"href":"http:\/\/leclaireur.ovh\/index.php\/wp-json\/wp\/v2\/pages\/436\/revisions\/593"}],"wp:attachment":[{"href":"http:\/\/leclaireur.ovh\/index.php\/wp-json\/wp\/v2\/media?parent=436"}],"curies":[{"name":"wp","href":"https:\/\/api.w.org\/{rel}","templated":true}]}}