{"id":207,"date":"2020-06-01T11:43:10","date_gmt":"2020-06-01T09:43:10","guid":{"rendered":"http:\/\/leclaireur.ovh\/?page_id=207"},"modified":"2020-07-24T10:46:22","modified_gmt":"2020-07-24T08:46:22","slug":"cahiers-poesie","status":"publish","type":"page","link":"http:\/\/leclaireur.ovh\/index.php\/cahiers-poesie\/","title":{"rendered":"Cahiers PO\u00c9SIE"},"content":{"rendered":"\n<p class=\"has-text-align-center\"><strong><strong>D\u00e9sol\u00e9, le Blog de la Tribu est encore jeune et n&rsquo;a pas re\u00e7u suffisamment de textes pour la parution de cahiers sur ce th\u00e8me.<\/strong><\/strong><\/p>\n","protected":false},"excerpt":{"rendered":"<p>D\u00e9sol\u00e9, le Blog de la Tribu est encore jeune et n&rsquo;a pas re\u00e7u suffisamment de textes pour la parution de cahiers sur ce th\u00e8me.<\/p>\n","protected":false},"author":1,"featured_media":0,"parent":0,"menu_order":0,"comment_status":"closed","ping_status":"closed","template":"","meta":{"spay_email":""},"jetpack_shortlink":"https:\/\/wp.me\/Pc8zyN-3l","jetpack-related-posts":[{"id":632,"url":"http:\/\/leclaireur.ovh\/index.php\/cahiers-nouvelles\/","url_meta":{"origin":207,"position":0},"title":"Cahiers NOUVELLES","date":"24 juillet 2020","format":false,"excerpt":"D\u00e9sol\u00e9, le Blog de la Tribu est encore jeune et n'a pas re\u00e7u suffisamment de textes pour la parution de cahiers sur ce th\u00e8me.","rel":"","context":"Article similaire","img":{"alt_text":"","src":"","width":0,"height":0},"classes":[]},{"id":636,"url":"http:\/\/leclaireur.ovh\/index.php\/cahiers-divers\/","url_meta":{"origin":207,"position":1},"title":"Cahiers DIVERS","date":"24 juillet 2020","format":false,"excerpt":"D\u00e9sol\u00e9, le Blog de la Tribu est encore jeune et n'a pas re\u00e7u suffisamment de textes pour la parution de cahiers sur ce th\u00e8me.","rel":"","context":"Article similaire","img":{"alt_text":"","src":"","width":0,"height":0},"classes":[]},{"id":209,"url":"http:\/\/leclaireur.ovh\/index.php\/cahiers-pour-une-collectivite-equitable\/","url_meta":{"origin":207,"position":2},"title":"Cahiers Pour une COLLECTIVIT\u00c9 \u00c9QUITABLE","date":"1 juin 2020","format":false,"excerpt":"D\u00e9sol\u00e9, le Blog de la Tribu est encore jeune et n'a pas re\u00e7u suffisamment de textes pour la parution de cahiers sur ce th\u00e8me.","rel":"","context":"Article similaire","img":{"alt_text":"","src":"","width":0,"height":0},"classes":[]},{"id":211,"url":"http:\/\/leclaireur.ovh\/index.php\/cahiers-sketches-et-scenettes\/","url_meta":{"origin":207,"position":3},"title":"Cahiers SKETCHES et SC\u00c9NETTES","date":"1 juin 2020","format":false,"excerpt":"D\u00e9sol\u00e9, le Blog de la Tribu est encore jeune et n'a pas re\u00e7u suffisamment de textes pour la parution de cahiers sur ce th\u00e8me.","rel":"","context":"Article similaire","img":{"alt_text":"","src":"","width":0,"height":0},"classes":[]},{"id":205,"url":"http:\/\/leclaireur.ovh\/index.php\/cahiers-de-la-tribu-de-leclaireur\/","url_meta":{"origin":207,"position":4},"title":"CAHIERS DE LA TRIBU DE L\u2019\u00c9CLAIREUR","date":"1 juin 2020","format":false,"excerpt":"Dans chacune des cat\u00e9gories ci-dessous se trouvent les \"Cahiers de la Tribu de l\u2019\u00c9CLAIREUR\" qui compilent les textes s\u00e9lectionn\u00e9s parmi ceux produits par les membres de la TRIBU participant aux Ateliers. Tentez votre chance ! Cahiers PO\u00c9SIE Cahiers Pour une COLLECTIVIT\u00c9 \u00c9QUITABLE Cahiers SKETCHES et SC\u00c9NETTES Cahiers NOUVELLES Cahiers DIVERS\u2026","rel":"","context":"Article similaire","img":{"alt_text":"","src":"","width":0,"height":0},"classes":[]},{"id":310,"url":"http:\/\/leclaireur.ovh\/index.php\/participez\/","url_meta":{"origin":207,"position":5},"title":"POUR PARTICIPER : ABONNEZ-VOUS (Gratuit)","date":"3 juin 2020","format":false,"excerpt":"Pour devenir Membre de la Tribu, et PARTICIPER, abonnez-vous (en haut \u00e0 droite de la page d'accueil, d\u00e9sabonnement en 1 clic) pour recevoir votre Mot de Passe personnel. L\u2019\u00c9CLAIREUR, auteur, propose aux membres de la Tribu des \u00e9changes autours des sujets, des id\u00e9es, des pens\u00e9es pr\u00e9sent\u00e9s dans SES LIVRES.Choisissez le\u2026","rel":"","context":"Article similaire","img":{"alt_text":"","src":"","width":0,"height":0},"classes":[]}],"_links":{"self":[{"href":"http:\/\/leclaireur.ovh\/index.php\/wp-json\/wp\/v2\/pages\/207"}],"collection":[{"href":"http:\/\/leclaireur.ovh\/index.php\/wp-json\/wp\/v2\/pages"}],"about":[{"href":"http:\/\/leclaireur.ovh\/index.php\/wp-json\/wp\/v2\/types\/page"}],"author":[{"embeddable":true,"href":"http:\/\/leclaireur.ovh\/index.php\/wp-json\/wp\/v2\/users\/1"}],"replies":[{"embeddable":true,"href":"http:\/\/leclaireur.ovh\/index.php\/wp-json\/wp\/v2\/comments?post=207"}],"version-history":[{"count":3,"href":"http:\/\/leclaireur.ovh\/index.php\/wp-json\/wp\/v2\/pages\/207\/revisions"}],"predecessor-version":[{"id":629,"href":"http:\/\/leclaireur.ovh\/index.php\/wp-json\/wp\/v2\/pages\/207\/revisions\/629"}],"wp:attachment":[{"href":"http:\/\/leclaireur.ovh\/index.php\/wp-json\/wp\/v2\/media?parent=207"}],"curies":[{"name":"wp","href":"https:\/\/api.w.org\/{rel}","templated":true}]}}